{"id":9565,"date":"2025-08-12T12:02:21","date_gmt":"2025-08-12T10:02:21","guid":{"rendered":"https:\/\/finkct.de\/?page_id=9565"},"modified":"2025-11-20T10:36:04","modified_gmt":"2025-11-20T09:36:04","slug":"druckverlust-in-rohrleitungen-und-schlaeuchen-berechnen","status":"publish","type":"page","link":"https:\/\/finkct.de\/en\/druckverlust-in-rohrleitungen-und-schlaeuchen-berechnen\/","title":{"rendered":"Calculating pressure loss in pipes and hoses"},"content":{"rendered":"<h2>Online pressure loss calculator for pipes and hoses<\/h2>\n<p>When a metering pump is operated, the pumped medium is transported through a hose or pipe. This always results in a certain pressure loss, which affects the achievable flow rate and the maximum achievable back pressure of the pump.<\/p>\n<p>The extent of this pressure loss depends significantly on several factors:<\/p>\n<ul data-start=\"591\" data-end=\"798\">\n<li data-start=\"591\" data-end=\"616\" class=\"translation-block\">the volume flow<\/li>\n<li data-start=\"617\" data-end=\"671\" class=\"translation-block\">the viscosity and density of the liquid,<\/li>\n<li data-start=\"672\" data-end=\"731\" class=\"translation-block\">the length and inner diameter of the pipe,<\/li>\n<li data-start=\"732\" data-end=\"798\" class=\"translation-block\">as well as the internal roughness of the hose or pipe used.<\/li>\n<\/ul>\n<p class=\"translation-block\">If the flow is laminar, the pressure loss can be calculated exactly using the Hagen-Poiseuille equation. However, turbulent flow occurs in many practical applications \u2013 especially at higher velocities, with small diameters, or with low-viscosity media. In these cases, the pressure loss is determined using the Darcy-Weisbach equation, where pipe roughness also plays a significant role.<\/p>\n<p class=\"translation-block\">The following calculator takes both models into account, automatically determines the Reynolds number and indicates which calculation is relevant for the selected application.<\/p>","protected":false},"excerpt":{"rendered":"<p>Online-Druckverlust-Rechner f\u00fcr Rohrleitungen und Schl\u00e4uche Beim Betrieb einer Dosierpumpe wird das F\u00f6rdermedium durch einen Schlauch oder eine Rohrleitung transportiert. Dabei entsteht stets ein gewisser Druckverlust, der die erreichbare F\u00f6rdermenge und den maximal realisierbaren Gegendruck der Pumpe beeinflusst. Wie hoch dieser Druckverlust ausf\u00e4llt, h\u00e4ngt wesentlich von mehreren Faktoren ab: dem Volumenstrom, der Viskosit\u00e4t und Dichte der [&hellip;]<\/p>\n","protected":false},"author":6,"featured_media":0,"parent":0,"menu_order":0,"comment_status":"closed","ping_status":"closed","template":"","meta":{"footnotes":""},"class_list":["post-9565","page","type-page","status-publish","hentry"],"yoast_head":"<!-- This site is optimized with the Yoast SEO plugin v26.8 - https:\/\/yoast.com\/product\/yoast-seo-wordpress\/ -->\n<title>Druckverlust in Rohrleitungen und Schl\u00e4uchen berechnen - Fink Chem + Tec GmbH<\/title>\n<meta name=\"description\" content=\"Druckverlust-Rechner zur pr\u00e4zisen Bestimmung von Druckabfall in Rohrleitungen. Ber\u00fccksichtigung von sowohl laminare als auch turbulente Str\u00f6mung. Basis Hagen\u2013Poiseuille-Gesetz und der Darcy\u2013Weisbach-Gleichung.\" \/>\n<meta name=\"robots\" content=\"index, follow, max-snippet:-1, max-image-preview:large, max-video-preview:-1\" \/>\n<link rel=\"canonical\" href=\"https:\/\/finkct.de\/en\/druckverlust-in-rohrleitungen-und-schlaeuchen-berechnen\/\" \/>\n<meta property=\"og:locale\" content=\"en_GB\" \/>\n<meta property=\"og:type\" content=\"article\" \/>\n<meta property=\"og:title\" content=\"Druckverlust in Rohrleitungen und Schl\u00e4uchen berechnen - Fink Chem + Tec GmbH\" \/>\n<meta property=\"og:description\" content=\"Druckverlust-Rechner zur pr\u00e4zisen Bestimmung von Druckabfall in Rohrleitungen. Ber\u00fccksichtigung von sowohl laminare als auch turbulente Str\u00f6mung. Basis Hagen\u2013Poiseuille-Gesetz und der Darcy\u2013Weisbach-Gleichung.\" \/>\n<meta property=\"og:url\" content=\"https:\/\/finkct.de\/en\/druckverlust-in-rohrleitungen-und-schlaeuchen-berechnen\/\" \/>\n<meta property=\"og:site_name\" content=\"Fink Chem + Tec GmbH\" \/>\n<meta property=\"article:modified_time\" content=\"2025-11-20T09:36:04+00:00\" \/>\n<meta name=\"twitter:card\" content=\"summary_large_image\" \/>\n<meta name=\"twitter:label1\" content=\"Estimated reading time\" \/>\n\t<meta name=\"twitter:data1\" content=\"3 minutes\" \/>\n<script type=\"application\/ld+json\" class=\"yoast-schema-graph\">{\"@context\":\"https:\/\/schema.org\",\"@graph\":[{\"@type\":\"WebPage\",\"@id\":\"https:\/\/finkct.de\/druckverlust-in-rohrleitungen-und-schlaeuchen-berechnen\/\",\"url\":\"https:\/\/finkct.de\/druckverlust-in-rohrleitungen-und-schlaeuchen-berechnen\/\",\"name\":\"Druckverlust in Rohrleitungen und Schl\u00e4uchen berechnen - Fink Chem + Tec GmbH\",\"isPartOf\":{\"@id\":\"https:\/\/finkct.de\/#website\"},\"datePublished\":\"2025-08-12T10:02:21+00:00\",\"dateModified\":\"2025-11-20T09:36:04+00:00\",\"description\":\"Druckverlust-Rechner zur pr\u00e4zisen Bestimmung von Druckabfall in Rohrleitungen. Ber\u00fccksichtigung von sowohl laminare als auch turbulente Str\u00f6mung. Basis Hagen\u2013Poiseuille-Gesetz und der Darcy\u2013Weisbach-Gleichung.\",\"breadcrumb\":{\"@id\":\"https:\/\/finkct.de\/druckverlust-in-rohrleitungen-und-schlaeuchen-berechnen\/#breadcrumb\"},\"inLanguage\":\"en-GB\",\"potentialAction\":[{\"@type\":\"ReadAction\",\"target\":[\"https:\/\/finkct.de\/druckverlust-in-rohrleitungen-und-schlaeuchen-berechnen\/\"]}]},{\"@type\":\"BreadcrumbList\",\"@id\":\"https:\/\/finkct.de\/druckverlust-in-rohrleitungen-und-schlaeuchen-berechnen\/#breadcrumb\",\"itemListElement\":[{\"@type\":\"ListItem\",\"position\":1,\"name\":\"Startseite\",\"item\":\"https:\/\/finkct.de\/\"},{\"@type\":\"ListItem\",\"position\":2,\"name\":\"Druckverlust in Rohrleitungen und Schl\u00e4uchen berechnen\"}]},{\"@type\":\"WebSite\",\"@id\":\"https:\/\/finkct.de\/#website\",\"url\":\"https:\/\/finkct.de\/\",\"name\":\"Fink Chem + Tec GmbH\",\"description\":\"Entwicklung und Herstellung spezialisierter Dosierpumpen\",\"potentialAction\":[{\"@type\":\"SearchAction\",\"target\":{\"@type\":\"EntryPoint\",\"urlTemplate\":\"https:\/\/finkct.de\/?s={search_term_string}\"},\"query-input\":{\"@type\":\"PropertyValueSpecification\",\"valueRequired\":true,\"valueName\":\"search_term_string\"}}],\"inLanguage\":\"en-GB\"}]}<\/script>\n<!-- \/ Yoast SEO plugin. -->","yoast_head_json":{"title":"Druckverlust in Rohrleitungen und Schl\u00e4uchen berechnen - Fink Chem + Tec GmbH","description":"Druckverlust-Rechner zur pr\u00e4zisen Bestimmung von Druckabfall in Rohrleitungen. Ber\u00fccksichtigung von sowohl laminare als auch turbulente Str\u00f6mung. Basis Hagen\u2013Poiseuille-Gesetz und der Darcy\u2013Weisbach-Gleichung.","robots":{"index":"index","follow":"follow","max-snippet":"max-snippet:-1","max-image-preview":"max-image-preview:large","max-video-preview":"max-video-preview:-1"},"canonical":"https:\/\/finkct.de\/en\/druckverlust-in-rohrleitungen-und-schlaeuchen-berechnen\/","og_locale":"en_GB","og_type":"article","og_title":"Druckverlust in Rohrleitungen und Schl\u00e4uchen berechnen - Fink Chem + Tec GmbH","og_description":"Druckverlust-Rechner zur pr\u00e4zisen Bestimmung von Druckabfall in Rohrleitungen. Ber\u00fccksichtigung von sowohl laminare als auch turbulente Str\u00f6mung. Basis Hagen\u2013Poiseuille-Gesetz und der Darcy\u2013Weisbach-Gleichung.","og_url":"https:\/\/finkct.de\/en\/druckverlust-in-rohrleitungen-und-schlaeuchen-berechnen\/","og_site_name":"Fink Chem + Tec GmbH","article_modified_time":"2025-11-20T09:36:04+00:00","twitter_card":"summary_large_image","twitter_misc":{"Estimated reading time":"3 minutes"},"schema":{"@context":"https:\/\/schema.org","@graph":[{"@type":"WebPage","@id":"https:\/\/finkct.de\/druckverlust-in-rohrleitungen-und-schlaeuchen-berechnen\/","url":"https:\/\/finkct.de\/druckverlust-in-rohrleitungen-und-schlaeuchen-berechnen\/","name":"Druckverlust in Rohrleitungen und Schl\u00e4uchen berechnen - Fink Chem + Tec GmbH","isPartOf":{"@id":"https:\/\/finkct.de\/#website"},"datePublished":"2025-08-12T10:02:21+00:00","dateModified":"2025-11-20T09:36:04+00:00","description":"Druckverlust-Rechner zur pr\u00e4zisen Bestimmung von Druckabfall in Rohrleitungen. Ber\u00fccksichtigung von sowohl laminare als auch turbulente Str\u00f6mung. Basis Hagen\u2013Poiseuille-Gesetz und der Darcy\u2013Weisbach-Gleichung.","breadcrumb":{"@id":"https:\/\/finkct.de\/druckverlust-in-rohrleitungen-und-schlaeuchen-berechnen\/#breadcrumb"},"inLanguage":"en-GB","potentialAction":[{"@type":"ReadAction","target":["https:\/\/finkct.de\/druckverlust-in-rohrleitungen-und-schlaeuchen-berechnen\/"]}]},{"@type":"BreadcrumbList","@id":"https:\/\/finkct.de\/druckverlust-in-rohrleitungen-und-schlaeuchen-berechnen\/#breadcrumb","itemListElement":[{"@type":"ListItem","position":1,"name":"Startseite","item":"https:\/\/finkct.de\/"},{"@type":"ListItem","position":2,"name":"Druckverlust in Rohrleitungen und Schl\u00e4uchen berechnen"}]},{"@type":"WebSite","@id":"https:\/\/finkct.de\/#website","url":"https:\/\/finkct.de\/","name":"Fink Chem + Tec GmbH","description":"Entwicklung und Herstellung spezialisierter Dosierpumpen","potentialAction":[{"@type":"SearchAction","target":{"@type":"EntryPoint","urlTemplate":"https:\/\/finkct.de\/?s={search_term_string}"},"query-input":{"@type":"PropertyValueSpecification","valueRequired":true,"valueName":"search_term_string"}}],"inLanguage":"en-GB"}]}},"_links":{"self":[{"href":"https:\/\/finkct.de\/en\/wp-json\/wp\/v2\/pages\/9565","targetHints":{"allow":["GET"]}}],"collection":[{"href":"https:\/\/finkct.de\/en\/wp-json\/wp\/v2\/pages"}],"about":[{"href":"https:\/\/finkct.de\/en\/wp-json\/wp\/v2\/types\/page"}],"author":[{"embeddable":true,"href":"https:\/\/finkct.de\/en\/wp-json\/wp\/v2\/users\/6"}],"replies":[{"embeddable":true,"href":"https:\/\/finkct.de\/en\/wp-json\/wp\/v2\/comments?post=9565"}],"version-history":[{"count":6,"href":"https:\/\/finkct.de\/en\/wp-json\/wp\/v2\/pages\/9565\/revisions"}],"predecessor-version":[{"id":9649,"href":"https:\/\/finkct.de\/en\/wp-json\/wp\/v2\/pages\/9565\/revisions\/9649"}],"wp:attachment":[{"href":"https:\/\/finkct.de\/en\/wp-json\/wp\/v2\/media?parent=9565"}],"curies":[{"name":"wp","href":"https:\/\/api.w.org\/{rel}","templated":true}]}}