{"id":6780,"date":"2019-04-09T10:49:51","date_gmt":"2019-04-09T08:49:51","guid":{"rendered":"http:\/\/fink.renzcom.de\/?page_id=6780"},"modified":"2024-04-11T16:04:56","modified_gmt":"2024-04-11T14:04:56","slug":"chemikalienbestaendigkeit-2","status":"publish","type":"page","link":"https:\/\/finkct.de\/en\/chemikalienbestaendigkeit-2\/","title":{"rendered":"Chemical resistance"},"content":{"rendered":"","protected":false},"excerpt":{"rendered":"","protected":false},"author":6,"featured_media":0,"parent":0,"menu_order":0,"comment_status":"closed","ping_status":"closed","template":"","meta":{"footnotes":""},"class_list":["post-6780","page","type-page","status-publish","hentry"],"yoast_head":"<!-- This site is optimized with the Yoast SEO plugin v26.8 - https:\/\/yoast.com\/product\/yoast-seo-wordpress\/ -->\n<title>Chemikalienbest\u00e4ndigkeit<\/title>\n<meta name=\"description\" content=\"Best\u00e4ndigkeit unserer eingesetzten, medienber\u00fchrenden Werkstoffe gegen\u00fcber diversen S\u00e4uren, Laugen und L\u00f6sungsmitteln.\" \/>\n<meta name=\"robots\" content=\"index, follow, max-snippet:-1, max-image-preview:large, max-video-preview:-1\" \/>\n<link rel=\"canonical\" href=\"https:\/\/finkct.de\/en\/chemikalienbestaendigkeit-2\/\" \/>\n<meta property=\"og:locale\" content=\"en_GB\" \/>\n<meta property=\"og:type\" content=\"article\" \/>\n<meta property=\"og:title\" content=\"Chemikalienbest\u00e4ndigkeit\" \/>\n<meta property=\"og:description\" content=\"Best\u00e4ndigkeit unserer eingesetzten, medienber\u00fchrenden Werkstoffe gegen\u00fcber diversen S\u00e4uren, Laugen und L\u00f6sungsmitteln.\" \/>\n<meta property=\"og:url\" content=\"https:\/\/finkct.de\/en\/chemikalienbestaendigkeit-2\/\" \/>\n<meta property=\"og:site_name\" content=\"Fink Chem + Tec GmbH\" \/>\n<meta property=\"article:modified_time\" content=\"2024-04-11T14:04:56+00:00\" \/>\n<meta name=\"twitter:card\" content=\"summary_large_image\" \/>\n<meta name=\"twitter:label1\" content=\"Estimated reading time\" \/>\n\t<meta name=\"twitter:data1\" content=\"1 minute\" \/>\n<script type=\"application\/ld+json\" class=\"yoast-schema-graph\">{\"@context\":\"https:\/\/schema.org\",\"@graph\":[{\"@type\":\"WebPage\",\"@id\":\"https:\/\/finkct.de\/chemikalienbestaendigkeit-2\/\",\"url\":\"https:\/\/finkct.de\/chemikalienbestaendigkeit-2\/\",\"name\":\"Chemikalienbest\u00e4ndigkeit\",\"isPartOf\":{\"@id\":\"https:\/\/finkct.de\/#website\"},\"datePublished\":\"2019-04-09T08:49:51+00:00\",\"dateModified\":\"2024-04-11T14:04:56+00:00\",\"description\":\"Best\u00e4ndigkeit unserer eingesetzten, medienber\u00fchrenden Werkstoffe gegen\u00fcber diversen S\u00e4uren, Laugen und L\u00f6sungsmitteln.\",\"breadcrumb\":{\"@id\":\"https:\/\/finkct.de\/chemikalienbestaendigkeit-2\/#breadcrumb\"},\"inLanguage\":\"en-GB\",\"potentialAction\":[{\"@type\":\"ReadAction\",\"target\":[\"https:\/\/finkct.de\/chemikalienbestaendigkeit-2\/\"]}]},{\"@type\":\"BreadcrumbList\",\"@id\":\"https:\/\/finkct.de\/chemikalienbestaendigkeit-2\/#breadcrumb\",\"itemListElement\":[{\"@type\":\"ListItem\",\"position\":1,\"name\":\"Startseite\",\"item\":\"https:\/\/finkct.de\/\"},{\"@type\":\"ListItem\",\"position\":2,\"name\":\"Chemikalienbest\u00e4ndigkeit\"}]},{\"@type\":\"WebSite\",\"@id\":\"https:\/\/finkct.de\/#website\",\"url\":\"https:\/\/finkct.de\/\",\"name\":\"Fink Chem + Tec GmbH\",\"description\":\"Entwicklung und Herstellung spezialisierter Dosierpumpen\",\"potentialAction\":[{\"@type\":\"SearchAction\",\"target\":{\"@type\":\"EntryPoint\",\"urlTemplate\":\"https:\/\/finkct.de\/?s={search_term_string}\"},\"query-input\":{\"@type\":\"PropertyValueSpecification\",\"valueRequired\":true,\"valueName\":\"search_term_string\"}}],\"inLanguage\":\"en-GB\"}]}<\/script>\n<!-- \/ Yoast SEO plugin. -->","yoast_head_json":{"title":"Chemical resistance","description":"Best\u00e4ndigkeit unserer eingesetzten, medienber\u00fchrenden Werkstoffe gegen\u00fcber diversen S\u00e4uren, Laugen und L\u00f6sungsmitteln.","robots":{"index":"index","follow":"follow","max-snippet":"max-snippet:-1","max-image-preview":"max-image-preview:large","max-video-preview":"max-video-preview:-1"},"canonical":"https:\/\/finkct.de\/en\/chemikalienbestaendigkeit-2\/","og_locale":"en_GB","og_type":"article","og_title":"Chemikalienbest\u00e4ndigkeit","og_description":"Best\u00e4ndigkeit unserer eingesetzten, medienber\u00fchrenden Werkstoffe gegen\u00fcber diversen S\u00e4uren, Laugen und L\u00f6sungsmitteln.","og_url":"https:\/\/finkct.de\/en\/chemikalienbestaendigkeit-2\/","og_site_name":"Fink Chem + Tec GmbH","article_modified_time":"2024-04-11T14:04:56+00:00","twitter_card":"summary_large_image","twitter_misc":{"Estimated reading time":"1 minute"},"schema":{"@context":"https:\/\/schema.org","@graph":[{"@type":"WebPage","@id":"https:\/\/finkct.de\/chemikalienbestaendigkeit-2\/","url":"https:\/\/finkct.de\/chemikalienbestaendigkeit-2\/","name":"Chemical resistance","isPartOf":{"@id":"https:\/\/finkct.de\/#website"},"datePublished":"2019-04-09T08:49:51+00:00","dateModified":"2024-04-11T14:04:56+00:00","description":"Best\u00e4ndigkeit unserer eingesetzten, medienber\u00fchrenden Werkstoffe gegen\u00fcber diversen S\u00e4uren, Laugen und L\u00f6sungsmitteln.","breadcrumb":{"@id":"https:\/\/finkct.de\/chemikalienbestaendigkeit-2\/#breadcrumb"},"inLanguage":"en-GB","potentialAction":[{"@type":"ReadAction","target":["https:\/\/finkct.de\/chemikalienbestaendigkeit-2\/"]}]},{"@type":"BreadcrumbList","@id":"https:\/\/finkct.de\/chemikalienbestaendigkeit-2\/#breadcrumb","itemListElement":[{"@type":"ListItem","position":1,"name":"Startseite","item":"https:\/\/finkct.de\/"},{"@type":"ListItem","position":2,"name":"Chemikalienbest\u00e4ndigkeit"}]},{"@type":"WebSite","@id":"https:\/\/finkct.de\/#website","url":"https:\/\/finkct.de\/","name":"Fink Chem + Tec GmbH","description":"Entwicklung und Herstellung spezialisierter Dosierpumpen","potentialAction":[{"@type":"SearchAction","target":{"@type":"EntryPoint","urlTemplate":"https:\/\/finkct.de\/?s={search_term_string}"},"query-input":{"@type":"PropertyValueSpecification","valueRequired":true,"valueName":"search_term_string"}}],"inLanguage":"en-GB"}]}},"_links":{"self":[{"href":"https:\/\/finkct.de\/en\/wp-json\/wp\/v2\/pages\/6780","targetHints":{"allow":["GET"]}}],"collection":[{"href":"https:\/\/finkct.de\/en\/wp-json\/wp\/v2\/pages"}],"about":[{"href":"https:\/\/finkct.de\/en\/wp-json\/wp\/v2\/types\/page"}],"author":[{"embeddable":true,"href":"https:\/\/finkct.de\/en\/wp-json\/wp\/v2\/users\/6"}],"replies":[{"embeddable":true,"href":"https:\/\/finkct.de\/en\/wp-json\/wp\/v2\/comments?post=6780"}],"version-history":[{"count":5,"href":"https:\/\/finkct.de\/en\/wp-json\/wp\/v2\/pages\/6780\/revisions"}],"predecessor-version":[{"id":9404,"href":"https:\/\/finkct.de\/en\/wp-json\/wp\/v2\/pages\/6780\/revisions\/9404"}],"wp:attachment":[{"href":"https:\/\/finkct.de\/en\/wp-json\/wp\/v2\/media?parent=6780"}],"curies":[{"name":"wp","href":"https:\/\/api.w.org\/{rel}","templated":true}]}}