{"id":1985,"date":"2016-06-10T19:14:52","date_gmt":"2016-06-10T19:14:52","guid":{"rendered":"http:\/\/demo.goodlayers.com\/infinite\/?page_id=1985"},"modified":"2024-09-26T09:01:54","modified_gmt":"2024-09-26T07:01:54","slug":"vertretungen","status":"publish","type":"page","link":"https:\/\/finkct.de\/en\/vertretungen\/","title":{"rendered":"Representations"},"content":{"rendered":"","protected":false},"excerpt":{"rendered":"","protected":false},"author":6,"featured_media":0,"parent":0,"menu_order":0,"comment_status":"closed","ping_status":"closed","template":"","meta":{"footnotes":""},"class_list":["post-1985","page","type-page","status-publish","hentry"],"yoast_head":"<!-- This site is optimized with the Yoast SEO plugin v26.8 - https:\/\/yoast.com\/product\/yoast-seo-wordpress\/ -->\n<title>Internationale Vertetungen der Fink Chem + tec GmbH<\/title>\n<meta name=\"description\" content=\"Wir haben ein gro\u00dfes Netz internationaler Vertretungen f\u00fcr unsere Produkte f\u00fcr Vertrieb und After Sales Service.\" \/>\n<meta name=\"robots\" content=\"index, follow, max-snippet:-1, max-image-preview:large, max-video-preview:-1\" \/>\n<link rel=\"canonical\" href=\"https:\/\/finkct.de\/en\/vertretungen\/\" \/>\n<meta property=\"og:locale\" content=\"en_GB\" \/>\n<meta property=\"og:type\" content=\"article\" \/>\n<meta property=\"og:title\" content=\"Internationale Vertetungen der Fink Chem + tec GmbH\" \/>\n<meta property=\"og:description\" content=\"Wir haben ein gro\u00dfes Netz internationaler Vertretungen f\u00fcr unsere Produkte f\u00fcr Vertrieb und After Sales Service.\" \/>\n<meta property=\"og:url\" content=\"https:\/\/finkct.de\/en\/vertretungen\/\" \/>\n<meta property=\"og:site_name\" content=\"Fink Chem + Tec GmbH\" \/>\n<meta property=\"article:modified_time\" content=\"2024-09-26T07:01:54+00:00\" \/>\n<meta name=\"twitter:card\" content=\"summary_large_image\" \/>\n<meta name=\"twitter:label1\" content=\"Estimated reading time\" \/>\n\t<meta name=\"twitter:data1\" content=\"2 minutes\" \/>\n<script type=\"application\/ld+json\" class=\"yoast-schema-graph\">{\"@context\":\"https:\/\/schema.org\",\"@graph\":[{\"@type\":\"WebPage\",\"@id\":\"https:\/\/finkct.de\/vertretungen\/\",\"url\":\"https:\/\/finkct.de\/vertretungen\/\",\"name\":\"Internationale Vertetungen der Fink Chem + tec GmbH\",\"isPartOf\":{\"@id\":\"https:\/\/finkct.de\/#website\"},\"datePublished\":\"2016-06-10T19:14:52+00:00\",\"dateModified\":\"2024-09-26T07:01:54+00:00\",\"description\":\"Wir haben ein gro\u00dfes Netz internationaler Vertretungen f\u00fcr unsere Produkte f\u00fcr Vertrieb und After Sales Service.\",\"breadcrumb\":{\"@id\":\"https:\/\/finkct.de\/vertretungen\/#breadcrumb\"},\"inLanguage\":\"en-GB\",\"potentialAction\":[{\"@type\":\"ReadAction\",\"target\":[\"https:\/\/finkct.de\/vertretungen\/\"]}]},{\"@type\":\"BreadcrumbList\",\"@id\":\"https:\/\/finkct.de\/vertretungen\/#breadcrumb\",\"itemListElement\":[{\"@type\":\"ListItem\",\"position\":1,\"name\":\"Startseite\",\"item\":\"https:\/\/finkct.de\/\"},{\"@type\":\"ListItem\",\"position\":2,\"name\":\"Vertretungen\"}]},{\"@type\":\"WebSite\",\"@id\":\"https:\/\/finkct.de\/#website\",\"url\":\"https:\/\/finkct.de\/\",\"name\":\"Fink Chem + Tec GmbH\",\"description\":\"Entwicklung und Herstellung spezialisierter Dosierpumpen\",\"potentialAction\":[{\"@type\":\"SearchAction\",\"target\":{\"@type\":\"EntryPoint\",\"urlTemplate\":\"https:\/\/finkct.de\/?s={search_term_string}\"},\"query-input\":{\"@type\":\"PropertyValueSpecification\",\"valueRequired\":true,\"valueName\":\"search_term_string\"}}],\"inLanguage\":\"en-GB\"}]}<\/script>\n<!-- \/ Yoast SEO plugin. -->","yoast_head_json":{"title":"Internationale Vertetungen der Fink Chem + tec GmbH","description":"Wir haben ein gro\u00dfes Netz internationaler Vertretungen f\u00fcr unsere Produkte f\u00fcr Vertrieb und After Sales Service.","robots":{"index":"index","follow":"follow","max-snippet":"max-snippet:-1","max-image-preview":"max-image-preview:large","max-video-preview":"max-video-preview:-1"},"canonical":"https:\/\/finkct.de\/en\/vertretungen\/","og_locale":"en_GB","og_type":"article","og_title":"Internationale Vertetungen der Fink Chem + tec GmbH","og_description":"Wir haben ein gro\u00dfes Netz internationaler Vertretungen f\u00fcr unsere Produkte f\u00fcr Vertrieb und After Sales Service.","og_url":"https:\/\/finkct.de\/en\/vertretungen\/","og_site_name":"Fink Chem + Tec GmbH","article_modified_time":"2024-09-26T07:01:54+00:00","twitter_card":"summary_large_image","twitter_misc":{"Estimated reading time":"2 minutes"},"schema":{"@context":"https:\/\/schema.org","@graph":[{"@type":"WebPage","@id":"https:\/\/finkct.de\/vertretungen\/","url":"https:\/\/finkct.de\/vertretungen\/","name":"Internationale Vertetungen der Fink Chem + tec GmbH","isPartOf":{"@id":"https:\/\/finkct.de\/#website"},"datePublished":"2016-06-10T19:14:52+00:00","dateModified":"2024-09-26T07:01:54+00:00","description":"Wir haben ein gro\u00dfes Netz internationaler Vertretungen f\u00fcr unsere Produkte f\u00fcr Vertrieb und After Sales Service.","breadcrumb":{"@id":"https:\/\/finkct.de\/vertretungen\/#breadcrumb"},"inLanguage":"en-GB","potentialAction":[{"@type":"ReadAction","target":["https:\/\/finkct.de\/vertretungen\/"]}]},{"@type":"BreadcrumbList","@id":"https:\/\/finkct.de\/vertretungen\/#breadcrumb","itemListElement":[{"@type":"ListItem","position":1,"name":"Startseite","item":"https:\/\/finkct.de\/"},{"@type":"ListItem","position":2,"name":"Vertretungen"}]},{"@type":"WebSite","@id":"https:\/\/finkct.de\/#website","url":"https:\/\/finkct.de\/","name":"Fink Chem + Tec GmbH","description":"Entwicklung und Herstellung spezialisierter Dosierpumpen","potentialAction":[{"@type":"SearchAction","target":{"@type":"EntryPoint","urlTemplate":"https:\/\/finkct.de\/?s={search_term_string}"},"query-input":{"@type":"PropertyValueSpecification","valueRequired":true,"valueName":"search_term_string"}}],"inLanguage":"en-GB"}]}},"_links":{"self":[{"href":"https:\/\/finkct.de\/en\/wp-json\/wp\/v2\/pages\/1985","targetHints":{"allow":["GET"]}}],"collection":[{"href":"https:\/\/finkct.de\/en\/wp-json\/wp\/v2\/pages"}],"about":[{"href":"https:\/\/finkct.de\/en\/wp-json\/wp\/v2\/types\/page"}],"author":[{"embeddable":true,"href":"https:\/\/finkct.de\/en\/wp-json\/wp\/v2\/users\/6"}],"replies":[{"embeddable":true,"href":"https:\/\/finkct.de\/en\/wp-json\/wp\/v2\/comments?post=1985"}],"version-history":[{"count":6,"href":"https:\/\/finkct.de\/en\/wp-json\/wp\/v2\/pages\/1985\/revisions"}],"predecessor-version":[{"id":9489,"href":"https:\/\/finkct.de\/en\/wp-json\/wp\/v2\/pages\/1985\/revisions\/9489"}],"wp:attachment":[{"href":"https:\/\/finkct.de\/en\/wp-json\/wp\/v2\/media?parent=1985"}],"curies":[{"name":"wp","href":"https:\/\/api.w.org\/{rel}","templated":true}]}}